{"id":111,"date":"2026-04-10T19:27:03","date_gmt":"2026-04-10T17:27:03","guid":{"rendered":"http:\/\/www.les-momes.fr\/?page_id=111"},"modified":"2026-04-10T19:29:39","modified_gmt":"2026-04-10T17:29:39","slug":"stages-de-formation-cnv","status":"publish","type":"page","link":"https:\/\/les-momes.fr\/index.php\/stages-de-formation-cnv\/","title":{"rendered":"Stages de formation CNV"},"content":{"rendered":"\n<p>L&rsquo;association <strong>m\u00f4m&rsquo;en partag\u00e9s<\/strong> vous propose diff\u00e9rents stages de formations CNV :<\/p>\n\n\n\n<ul style=\"color:#e84fde96\" class=\"wp-block-list has-text-color has-link-color wp-elements-00855b5af4449b23b678204daa43320a\">\n<li class=\"has-text-color has-link-color wp-elements-dce628d711d3ec188f5d44ae20f82ab6\" style=\"color:#ce26d7\">module 1 \u00e0 Saint Girons, Mirepoix, Pamiers et Tarascon <\/li>\n\n\n\n<li class=\"has-text-color has-link-color wp-elements-30f6dc6a9226f099cffa38dfba104ffa\" style=\"color:#ce26d7\">module 2 \u00e0 Lavelanet <\/li>\n\n\n\n<li class=\"has-text-color has-link-color wp-elements-77c24bc438bcb8ed8362c5f146dcf0ac\" style=\"color:#ce26d7\">module 3 non pr\u00e9vu cette ann\u00e9e<\/li>\n<\/ul>\n\n\n\n<p>Il est n\u00e9cessaire d&rsquo;avoir fait le module 1 pour s&rsquo;inscrire au module 2, puis le 2 pour s&rsquo;inscrire au 3.<\/p>\n\n\n\n<p class=\"has-text-color has-link-color wp-elements-d86c592ebe69822d1314fb181322071b\" style=\"color:#ce26d7\">Un module \u00ab\u00a0col\u00e8re\u00a0\u00bb peut venir compl\u00e9ter le parcours de formation.<\/p>\n\n\n\n<p><strong>Le module 1<\/strong> se centre sur la premi\u00e8re personne impliqu\u00e9e dans la relation : soi-m\u00eame. Les parents apprennent les \u00e9tapes de la m\u00e9thode, qui consiste \u00e0 observer sans \u00e9valuer, mettre des mots sur ses ressentis, reconna\u00eetre ses besoins fondamentaux et faire des demandes claires. Cela permet aux parents de mettre des mots sur ce qu\u2019ils vivent et retrouver le pouvoir de r\u00e9pondre \u00e0 leurs propres besoins de fa\u00e7on adapt\u00e9e.<\/p>\n\n\n\n<p>Le <strong>module 2<\/strong> s\u2019int\u00e9resse \u00e0 l\u2019\u00e9coute empathique : apprendre \u00e0 entendre l\u2019autre, d\u00e9coder derri\u00e8re un comportement ou une phrase, les sentiments et les besoins qui s\u2019expriment, ce qui permet de se sentir en lien empathique. Cette compr\u00e9hension est essentielle pour le d\u00e9veloppement et l\u2019estime de soi de l\u2019enfant.<\/p>\n\n\n\n<p>Le <strong>module 3<\/strong> permet d\u2019exp\u00e9rimenter la danse du dialogue, en naviguant entre trois \u00e9l\u00e9ments qui sont l\u2019empathie envers soi-m\u00eame, l\u2019empathie envers l\u2019autre et l\u2019expression authentique de ce que je vis, sans critique ni reproche. Ce module permet d\u2019ancrer le dialogue qui permet de trouver des solutions cr\u00e9atives gagnant-gagnant, c\u2019est-\u00e0-dire que les besoins de tous sont pris en compte.<\/p>\n\n\n\n<p>Cette ann\u00e9e nous souhaitons proposer un <strong>module approfondi<\/strong> sur une des th\u00e9matiques qui est souvent difficile pour nous parents : la col\u00e8re.<\/p>\n\n\n\n<p class=\"has-text-color has-link-color wp-elements-f7f8df8d5e92eb8fe89a38ab10b916df\" style=\"color:#3128d4fa\"><strong>LES TARIFS<\/strong><\/p>\n\n\n\n<p> L&rsquo;adh\u00e9sion \u00e0 l\u2019association est de 10 euros par famille pour l\u2019ann\u00e9e.<\/p>\n\n\n\n<p>La participation \u00e0 un stage est comprise entre 10 et 180 euros par personne en fonction de votre quotient familial.<\/p>\n\n\n\n<p><strong>Grille tarifaire propos\u00e9e \u00e0 titre indicatif :<\/strong><\/p>\n\n\n\n<p>Quotient CAF&nbsp;&nbsp;&nbsp;&nbsp; Montant de participation stage (euros) par personne<\/p>\n\n\n\n<p>0-435&nbsp;&nbsp;&nbsp;&nbsp;&nbsp;&nbsp;&nbsp;&nbsp;&nbsp;&nbsp;&nbsp;&nbsp;&nbsp;&nbsp;&nbsp;&nbsp;&nbsp;25 euros<\/p>\n\n\n\n<p>436-670&nbsp;&nbsp;&nbsp;&nbsp;&nbsp;&nbsp;&nbsp;&nbsp;&nbsp;&nbsp;&nbsp;&nbsp; 50 euros<\/p>\n\n\n\n<p>671-1000&nbsp;&nbsp;&nbsp;&nbsp;&nbsp;&nbsp;&nbsp;&nbsp;&nbsp;&nbsp;&nbsp; 80 euros<\/p>\n\n\n\n<p>1001-1200&nbsp;&nbsp;&nbsp;&nbsp;&nbsp;&nbsp;&nbsp;&nbsp;&nbsp; 110 euros<\/p>\n\n\n\n<p>1201-1500&nbsp;&nbsp;&nbsp;&nbsp;&nbsp;&nbsp;&nbsp;&nbsp;&nbsp; 140 euros<\/p>\n\n\n\n<p>1501+&nbsp;&nbsp;&nbsp;&nbsp;&nbsp;&nbsp;&nbsp;&nbsp;&nbsp;&nbsp;&nbsp;&nbsp;&nbsp;&nbsp;&nbsp;&nbsp;&nbsp; 180 euros<\/p>\n\n\n\n<p><em>Nota bene : les habitants quartier \u00ab\u00a0Politique de la Ville\u00a0\u00bb (QPV) de Pamiers b\u00e9n\u00e9ficient d&rsquo;un tarif pr\u00e9f\u00e9rentiel.<\/em><\/p>\n\n\n\n<p class=\"has-small-font-size\">En effet nous avons diff\u00e9rents soutiens financiers :  Caisse d&rsquo;Allocations Familiale, Conseil D\u00e9partemental de l&rsquo;Ari\u00e8ge, MSA, Communaut\u00e9 de Communes de Haute Ari\u00e8ge, commune de Mirepoix, Politique de la Ville Saint-Girons et Pamiers,  Fonds pour le D\u00e9veloppement de la Vie Associative, Politique de la ville de Pamiers. <\/p>\n\n\n\n<p><\/p>\n\n\n\n<p class=\"has-text-color has-link-color wp-elements-dff3ec353b449ae54a3cf7c627e0224b\" style=\"color:#3128d4fa\"><strong>LES INSCRIPTIONS <\/strong><\/p>\n\n\n\n<p>Formulaire d&rsquo;inscription : <a href=\"https:\/\/forms.gle\/kD82QUNKzpXm3fqH9\">https:\/\/forms.gle\/kD82QUNKzpXm3fqH9<\/a><\/p>\n","protected":false},"excerpt":{"rendered":"<p>L&rsquo;association m\u00f4m&rsquo;en partag\u00e9s vous propose diff\u00e9rents stages de formations CNV : Il est n\u00e9cessaire d&rsquo;avoir fait le module 1 pour s&rsquo;inscrire au module 2, puis le 2 pour s&rsquo;inscrire au 3. Un module \u00ab\u00a0col\u00e8re\u00a0\u00bb peut venir compl\u00e9ter le parcours de formation. Le module 1 se centre sur la premi\u00e8re personne impliqu\u00e9e dans la relation : [&hellip;]<\/p>\n","protected":false},"author":1,"featured_media":0,"parent":0,"menu_order":1,"comment_status":"closed","ping_status":"closed","template":"","meta":{"footnotes":""},"class_list":["post-111","page","type-page","status-publish","hentry"],"_links":{"self":[{"href":"https:\/\/les-momes.fr\/index.php\/wp-json\/wp\/v2\/pages\/111","targetHints":{"allow":["GET"]}}],"collection":[{"href":"https:\/\/les-momes.fr\/index.php\/wp-json\/wp\/v2\/pages"}],"about":[{"href":"https:\/\/les-momes.fr\/index.php\/wp-json\/wp\/v2\/types\/page"}],"author":[{"embeddable":true,"href":"https:\/\/les-momes.fr\/index.php\/wp-json\/wp\/v2\/users\/1"}],"replies":[{"embeddable":true,"href":"https:\/\/les-momes.fr\/index.php\/wp-json\/wp\/v2\/comments?post=111"}],"version-history":[{"count":7,"href":"https:\/\/les-momes.fr\/index.php\/wp-json\/wp\/v2\/pages\/111\/revisions"}],"predecessor-version":[{"id":119,"href":"https:\/\/les-momes.fr\/index.php\/wp-json\/wp\/v2\/pages\/111\/revisions\/119"}],"wp:attachment":[{"href":"https:\/\/les-momes.fr\/index.php\/wp-json\/wp\/v2\/media?parent=111"}],"curies":[{"name":"wp","href":"https:\/\/api.w.org\/{rel}","templated":true}]}}