{"id":125,"date":"2026-04-12T20:13:58","date_gmt":"2026-04-12T18:13:58","guid":{"rendered":"http:\/\/www.les-momes.fr\/?page_id=125"},"modified":"2026-04-12T20:13:58","modified_gmt":"2026-04-12T18:13:58","slug":"les-formatrices","status":"publish","type":"page","link":"https:\/\/les-momes.fr\/index.php\/les-formatrices\/","title":{"rendered":"LES FORMATRICES"},"content":{"rendered":"\n<div class=\"wp-block-media-text is-stacked-on-mobile\"><figure class=\"wp-block-media-text__media\"><img loading=\"lazy\" decoding=\"async\" width=\"768\" height=\"1024\" src=\"http:\/\/www.les-momes.fr\/wp-content\/uploads\/2026\/04\/beatrice-blanc-768x1024.jpg\" alt=\"\" class=\"wp-image-133 size-full\" srcset=\"https:\/\/les-momes.fr\/wp-content\/uploads\/2026\/04\/beatrice-blanc-768x1024.jpg 768w, https:\/\/les-momes.fr\/wp-content\/uploads\/2026\/04\/beatrice-blanc-225x300.jpg 225w, https:\/\/les-momes.fr\/wp-content\/uploads\/2026\/04\/beatrice-blanc.jpg 1024w\" sizes=\"auto, (max-width: 768px) 100vw, 768px\" \/><\/figure><div class=\"wp-block-media-text__content\">\n<p class=\"has-contrast-2-color has-text-color has-link-color wp-elements-848b442451e9db74006b163085b1da36\">B\u00e9atrice Blanc<\/p>\n\n\n\n<p>Formatrice en Communication NonViolente<\/p>\n\n\n\n<p>Interventions en entreprises, accompagnement d\u2019\u00e9quipes dans les secteurs de l\u2019industrie, du social et de la sant\u00e9.<\/p>\n\n\n\n<p>Interventions dans le domaine de la parentalit\u00e9.<\/p>\n\n\n\n<p>Accompagnements th\u00e9rapeutiques en\u00a0<a href=\"https:\/\/selftherapie.com\/\">Intelligence Relationnelle<\/a>.<\/p>\n\n\n\n<p>Formatrice certifi\u00e9e en Communication NonViolente, j\u2019ai \u00e0 c\u0153ur d\u2019offrir un espace d\u2018accueil favorisant l\u2019\u00e9change et la connexion.<\/p>\n\n\n\n<p><a href=\"https:\/\/bea-formation-communication.fr\/\">https:\/\/bea-formation-communication.fr\/<\/a><\/p>\n<\/div><\/div>\n\n\n\n<p><\/p>\n\n\n\n<div class=\"wp-block-media-text is-stacked-on-mobile\"><figure class=\"wp-block-media-text__media\"><a href=\"https:\/\/alexiafournier.com\/ateliers-et-formations\/\"><img loading=\"lazy\" decoding=\"async\" width=\"1024\" height=\"1024\" src=\"http:\/\/www.les-momes.fr\/wp-content\/uploads\/2026\/04\/image-1024x1024.png\" alt=\"\" class=\"wp-image-135 size-full\" srcset=\"https:\/\/les-momes.fr\/wp-content\/uploads\/2026\/04\/image-1024x1024.png 1024w, https:\/\/les-momes.fr\/wp-content\/uploads\/2026\/04\/image-300x300.png 300w, https:\/\/les-momes.fr\/wp-content\/uploads\/2026\/04\/image-150x150.png 150w, https:\/\/les-momes.fr\/wp-content\/uploads\/2026\/04\/image-768x768.png 768w, https:\/\/les-momes.fr\/wp-content\/uploads\/2026\/04\/image-1536x1536.png 1536w, https:\/\/les-momes.fr\/wp-content\/uploads\/2026\/04\/image-2048x2048.png 2048w\" sizes=\"auto, (max-width: 1024px) 100vw, 1024px\" \/><\/a><\/figure><div class=\"wp-block-media-text__content\">\n<p class=\"has-contrast-2-color has-text-color has-link-color wp-elements-dcef92992d73fcedfca9b01e560e81a8\">Alexia Fournier<\/p>\n\n\n\n<p><strong>Formatrice certifi\u00e9e du CNVC\u00ae<\/strong><\/p>\n\n\n\n<p>Coach, M\u00e9diateur, Accompagnant individuel<\/p>\n\n\n\n<p>Je chemine avec la\u00a0<a href=\"https:\/\/alexiafournier.com\/cnv\/\">Communication NonViolente<\/a>\u00a0depuis 2012,\u00a0<a href=\"https:\/\/alexiafournier.com\/travail-qui-relie\/\">le Travail qui Relie<\/a>\u00a0depuis 2019, et l<a href=\"https:\/\/alexiafournier.com\/accompagnement-individuel\/\">\u2019Intelligence Relationnelle\u00ae<\/a>\u00a0depuis 2022. <\/p>\n\n\n\n<p>Gr\u00e2ce \u00e0 la puissance de ces processus, j\u2019accompagne les personnes et les groupes dans leur \u00e9volution, l\u2019accueil des \u00e9motions, la\u00a0<a href=\"https:\/\/alexiafournier.com\/mediation\/\">transformation des conflits<\/a>, et la restauration des liens (\u00e0 soi, \u00e0 l\u2019autre, au vivant).<\/p>\n\n\n\n<p><a href=\"https:\/\/alexiafournier.com\/ateliers-et-formations\/\">https:\/\/alexiafournier.com\/ateliers-et-formations\/<\/a><\/p>\n<\/div><\/div>\n\n\n\n<p>\/<\/p>\n","protected":false},"excerpt":{"rendered":"<p>B\u00e9atrice Blanc Formatrice en Communication NonViolente Interventions en entreprises, accompagnement d\u2019\u00e9quipes dans les secteurs de l\u2019industrie, du social et de la sant\u00e9. Interventions dans le domaine de la parentalit\u00e9. Accompagnements th\u00e9rapeutiques en\u00a0Intelligence Relationnelle. Formatrice certifi\u00e9e en Communication NonViolente, j\u2019ai \u00e0 c\u0153ur d\u2019offrir un espace d\u2018accueil favorisant l\u2019\u00e9change et la connexion. https:\/\/bea-formation-communication.fr\/ Alexia Fournier Formatrice certifi\u00e9e [&hellip;]<\/p>\n","protected":false},"author":1,"featured_media":0,"parent":0,"menu_order":0,"comment_status":"closed","ping_status":"closed","template":"","meta":{"footnotes":""},"class_list":["post-125","page","type-page","status-publish","hentry"],"_links":{"self":[{"href":"https:\/\/les-momes.fr\/index.php\/wp-json\/wp\/v2\/pages\/125","targetHints":{"allow":["GET"]}}],"collection":[{"href":"https:\/\/les-momes.fr\/index.php\/wp-json\/wp\/v2\/pages"}],"about":[{"href":"https:\/\/les-momes.fr\/index.php\/wp-json\/wp\/v2\/types\/page"}],"author":[{"embeddable":true,"href":"https:\/\/les-momes.fr\/index.php\/wp-json\/wp\/v2\/users\/1"}],"replies":[{"embeddable":true,"href":"https:\/\/les-momes.fr\/index.php\/wp-json\/wp\/v2\/comments?post=125"}],"version-history":[{"count":3,"href":"https:\/\/les-momes.fr\/index.php\/wp-json\/wp\/v2\/pages\/125\/revisions"}],"predecessor-version":[{"id":136,"href":"https:\/\/les-momes.fr\/index.php\/wp-json\/wp\/v2\/pages\/125\/revisions\/136"}],"wp:attachment":[{"href":"https:\/\/les-momes.fr\/index.php\/wp-json\/wp\/v2\/media?parent=125"}],"curies":[{"name":"wp","href":"https:\/\/api.w.org\/{rel}","templated":true}]}}