{"id":17,"date":"2025-05-24T20:34:30","date_gmt":"2025-05-24T18:34:30","guid":{"rendered":"http:\/\/www.les-momes.fr\/?page_id=17"},"modified":"2026-04-10T19:49:22","modified_gmt":"2026-04-10T17:49:22","slug":"groupes-de-pratique-cnv","status":"publish","type":"page","link":"https:\/\/les-momes.fr\/index.php\/groupes-de-pratique-cnv\/","title":{"rendered":"Groupes de pratique CNV"},"content":{"rendered":"\n<p class=\"has-text-color has-link-color wp-elements-72e03ec8b05078b4820b146e17b4a93e\" style=\"color:#259e25\"><strong>Les groupes de pratique permettent de revisiter les situations qui posent probl\u00e8me dans le quotidien, pour les d\u00e9coder \u00e0 l\u2019aide des outils de la Communication Non Violente.<\/strong><\/p>\n\n\n\n<p><\/p>\n\n\n\n<p>Les groupes de pratique ne sont pas r\u00e9serv\u00e9s aux parents, toute personne est bienvenue. L\u2019association soutient des groupes autog\u00e9r\u00e9s ou anim\u00e9s par une animatrice exp\u00e9riment\u00e9e, et ce dans toute l\u2019Ari\u00e8ge.<\/p>\n\n\n\n<p class=\"has-text-color has-link-color wp-elements-652e3e7279c790be449a99e39c0bfd4e\" style=\"color:#259e25\"><strong>LES GROUPES<\/strong> <\/p>\n\n\n\n<p class=\"has-text-color has-link-color wp-elements-aaccd7468d63f196efaf05e01a5fdc8a\" style=\"color:#23e3e3\">SAINT GIRONS 1 (autog\u00e9r\u00e9)<\/p>\n\n\n\n<p>Contact : H\u00e9l\u00e8ne 07 83 01 50 80<\/p>\n\n\n\n<p>Horaires :<\/p>\n\n\n\n<p><\/p>\n\n\n\n<p class=\"has-text-color has-link-color wp-elements-04e69ceb87fe069840eb40454faa4375\" style=\"color:#23e3e3\">SAINT GIRONS 2 (anim\u00e9 par Alexia)<\/p>\n\n\n\n<p>Contact : Alexia 06 03 52 86 2<\/p>\n\n\n\n<p>Horaires : <\/p>\n\n\n\n<p class=\"has-text-color has-link-color wp-elements-d1d7fdef50608b926311621ab3893d07\" style=\"color:#23e3e3\">TARASCON<\/p>\n\n\n\n<p>Contact : Julia 06 22 79 20 10<\/p>\n\n\n\n<p>Horaires :<\/p>\n\n\n\n<p class=\"has-text-color has-link-color wp-elements-8c2a741a30b4317aa0b54b7c534cd091\" style=\"color:#23e3e3\">PAILHES<\/p>\n\n\n\n<p>Contact : Alexia 06 03 52 86 42<\/p>\n\n\n\n<p>Horaires :<\/p>\n\n\n\n<p class=\"has-text-color has-link-color wp-elements-9a3787075a86d505907ed7d6af4c6ffb\" style=\"color:#23e3e3\">LAVELANET<\/p>\n\n\n\n<p>Contact : M\u00e9lanie 06 80 67 07 52<\/p>\n\n\n\n<p>Horaires :<\/p>\n\n\n\n<p class=\"has-text-color has-link-color wp-elements-0c52361344aa2a3fbbc11b388e1e805f\" style=\"color:#23e3e3\">MIREPOIX <\/p>\n\n\n\n<p>Contact : M\u00e9lanie 06 80 67 07 52<\/p>\n\n\n\n<p>Horaires :<\/p>\n\n\n\n<p class=\"has-text-color has-link-color wp-elements-6ea802219f805994fb023a28d4f20be0\" style=\"color:#23e3e3\">FOIX (autog\u00e9r\u00e9)<\/p>\n\n\n\n<p>Contact : Ang\u00e8le 06 10 71 06 55<\/p>\n\n\n\n<p>Horaires :les jeudis ou vendredis matin<\/p>\n\n\n\n<p class=\"has-text-color has-link-color wp-elements-262257d47f412c011eb854f33004575e\" style=\"color:#23e3e3\">PAMIERS<\/p>\n\n\n\n<p>Contact :<\/p>\n\n\n\n<p>Horaires :<\/p>\n\n\n\n<p><\/p>\n","protected":false},"excerpt":{"rendered":"<p>Les groupes de pratique permettent de revisiter les situations qui posent probl\u00e8me dans le quotidien, pour les d\u00e9coder \u00e0 l\u2019aide des outils de la Communication Non Violente. Les groupes de pratique ne sont pas r\u00e9serv\u00e9s aux parents, toute personne est bienvenue. L\u2019association soutient des groupes autog\u00e9r\u00e9s ou anim\u00e9s par une animatrice exp\u00e9riment\u00e9e, et ce dans [&hellip;]<\/p>\n","protected":false},"author":1,"featured_media":6,"parent":0,"menu_order":0,"comment_status":"closed","ping_status":"closed","template":"","meta":{"footnotes":""},"class_list":["post-17","page","type-page","status-publish","has-post-thumbnail","hentry"],"_links":{"self":[{"href":"https:\/\/les-momes.fr\/index.php\/wp-json\/wp\/v2\/pages\/17","targetHints":{"allow":["GET"]}}],"collection":[{"href":"https:\/\/les-momes.fr\/index.php\/wp-json\/wp\/v2\/pages"}],"about":[{"href":"https:\/\/les-momes.fr\/index.php\/wp-json\/wp\/v2\/types\/page"}],"author":[{"embeddable":true,"href":"https:\/\/les-momes.fr\/index.php\/wp-json\/wp\/v2\/users\/1"}],"replies":[{"embeddable":true,"href":"https:\/\/les-momes.fr\/index.php\/wp-json\/wp\/v2\/comments?post=17"}],"version-history":[{"count":7,"href":"https:\/\/les-momes.fr\/index.php\/wp-json\/wp\/v2\/pages\/17\/revisions"}],"predecessor-version":[{"id":124,"href":"https:\/\/les-momes.fr\/index.php\/wp-json\/wp\/v2\/pages\/17\/revisions\/124"}],"wp:featuredmedia":[{"embeddable":true,"href":"https:\/\/les-momes.fr\/index.php\/wp-json\/wp\/v2\/media\/6"}],"wp:attachment":[{"href":"https:\/\/les-momes.fr\/index.php\/wp-json\/wp\/v2\/media?parent=17"}],"curies":[{"name":"wp","href":"https:\/\/api.w.org\/{rel}","templated":true}]}}