{"id":2,"date":"2025-05-23T23:57:42","date_gmt":"2025-05-23T21:57:42","guid":{"rendered":"http:\/\/www.les-momes.fr\/?page_id=2"},"modified":"2026-04-10T19:54:43","modified_gmt":"2026-04-10T17:54:43","slug":"accueil","status":"publish","type":"page","link":"https:\/\/les-momes.fr\/index.php\/accueil\/","title":{"rendered":"Association M\u00f4m\u2019en Partag\u00e9s"},"content":{"rendered":"\n<p class=\"has-text-color has-link-color wp-elements-ac733cbd6d4496f7029bb807df09f102\" style=\"color:#a325a3\">L\u2019association M\u00f4m\u2019en Partag\u00e9s est une association loi 1901 de parents, ayant pour objet de \u00ab&nbsp;Favoriser les rencontres et mettre en place un r\u00e9seau d&rsquo;entraide. Soutenir les \u00e9changes et les projets li\u00e9s \u00e0 la parentalit\u00e9 positive.&nbsp;\u00bb<\/p>\n\n\n\n<p>Elle a \u00e9t\u00e9 cr\u00e9\u00e9e en 2014 par un groupe de parents qui se sont rencontr\u00e9s au LAEP de Saint-Girons, pour nourrir leur besoin de r\u00e9seau social et soutien mutuel. Lors d\u2019un sondage aupr\u00e8s des parents en lien avec l&rsquo;association d\u00e9but 2015, il est apparu que les parents souhaitaient une formation \u00e0 la <strong>parentalit\u00e9 bienveillante<\/strong> : malgr\u00e9 nos intentions d\u2019\u00e9lever nos enfants dans la bienveillance, nous, parents, nous sentons souvent d\u00e9munis face \u00e0 nos enfants, les conflits qui apparaissent et <strong>la force des \u00e9motions<\/strong> qui nous traversent, nous et nos enfants.<\/p>\n\n\n\n<p>La communication NonViolente est un outil reconnu internationalement qui permet de <strong>construire des relations de qualit\u00e9.<\/strong> <strong>Elle met l\u2019accent sur la qualit\u00e9 de lien, voit les \u00e9motions comme des indicateurs de besoins fondamentaux importants<\/strong> \u00e0 prendre en compte.<\/p>\n\n\n\n<p>Elle soutient les parents dans l\u2019optique de reconnaitre les besoins fondamentaux tant des parents que des enfants.<\/p>\n\n\n\n<p> Cette grille de lecture permet de mieux se comprendre, aller vers la coop\u00e9ration et trouver des solutions cr\u00e9atives qui permettent de nourrir les besoins de tous.<\/p>\n\n\n\n<p> Les parents se montrent tr\u00e8s satisfaits de cette approche et du soutien que cet outil leur donne pour leur r\u00f4le de parent, depuis 2015 nous d\u00e9veloppons nos propositions en cons\u00e9quence et nous demandons des subventions afin de permettre \u00e0 tous les parents qui le souhaitent de b\u00e9n\u00e9ficier de cet outil et de ce r\u00e9seau de soutien sans frein financier. <\/p>\n\n\n\n<p>Nous faisons partie du R\u00e9seau d\u2019Ecoute, d\u2019Appui et d\u2019Accompagnement des Parents d\u2019Ari\u00e8ge (REAAP).<\/p>\n\n\n\n<p>Les bases de la Communication Non Violente s\u2019acqui\u00e8rent en trois modules de base, chacun sur deux jours de formation (module 1, module 2 et module 3), et des modules approfondis permettent d&rsquo;explorer des th\u00e9matiques particuli\u00e8res.<\/p>\n\n\n\n<p>Nous proposons le module 1 de Communication NonViolente dans toute l\u2019Ari\u00e8ge. Ce stage permet d\u2019acc\u00e9der \u00e0 des groupes de pratique qui ont lieu dans tout le d\u00e9partement, et qui permettent aux parents de cr\u00e9er un r\u00e9seau de soutien et d\u2019int\u00e9gration des apprentissages de la formation dans la vie quotidienne. Suite au module 1, les parents peuvent poursuivre leur formation avec des modules avanc\u00e9s.<\/p>\n\n\n\n<p><\/p>\n\n\n\n<p><strong>Nous remercions tous ceux qui nous soutiennent et nous ont soutenu&nbsp;:<\/strong><\/p>\n\n\n\n<p>Caisse d\u2019Allocations Familiales de l\u2019Ari\u00e8ge<\/p>\n\n\n\n<p>Communaut\u00e9 de Communes de Haute Ari\u00e8ge<\/p>\n\n\n\n<p>Ari\u00e8ge le D\u00e9partement<\/p>\n\n\n\n<p>MSA<\/p>\n\n\n\n<p>Minist\u00e8re Charg\u00e9 de la Ville <\/p>\n\n\n\n<p>Fonds pour le D\u00e9veloppement de la Vie Associative<\/p>\n\n\n\n<figure class=\"wp-block-gallery has-nested-images columns-default is-cropped wp-block-gallery-1 is-layout-flex wp-block-gallery-is-layout-flex\">\n<figure class=\"wp-block-image size-large\"><img loading=\"lazy\" decoding=\"async\" width=\"1024\" height=\"122\" data-id=\"8\" src=\"http:\/\/www.les-momes.fr\/wp-content\/uploads\/2025\/05\/financeurs-1024x122.png\" alt=\"\" class=\"wp-image-8\" srcset=\"https:\/\/les-momes.fr\/wp-content\/uploads\/2025\/05\/financeurs-1024x122.png 1024w, https:\/\/les-momes.fr\/wp-content\/uploads\/2025\/05\/financeurs-300x36.png 300w, https:\/\/les-momes.fr\/wp-content\/uploads\/2025\/05\/financeurs-768x92.png 768w, https:\/\/les-momes.fr\/wp-content\/uploads\/2025\/05\/financeurs-1536x183.png 1536w, https:\/\/les-momes.fr\/wp-content\/uploads\/2025\/05\/financeurs.png 1754w\" sizes=\"auto, (max-width: 1024px) 100vw, 1024px\" \/><\/figure>\n<\/figure>\n\n\n\n<p><\/p>\n","protected":false},"excerpt":{"rendered":"<p>L\u2019association M\u00f4m\u2019en Partag\u00e9s est une association loi 1901 de parents, ayant pour objet de \u00ab&nbsp;Favoriser les rencontres et mettre en place un r\u00e9seau d&rsquo;entraide. Soutenir les \u00e9changes et les projets li\u00e9s \u00e0 la parentalit\u00e9 positive.&nbsp;\u00bb Elle a \u00e9t\u00e9 cr\u00e9\u00e9e en 2014 par un groupe de parents qui se sont rencontr\u00e9s au LAEP de Saint-Girons, pour [&hellip;]<\/p>\n","protected":false},"author":1,"featured_media":6,"parent":0,"menu_order":0,"comment_status":"closed","ping_status":"open","template":"","meta":{"footnotes":""},"class_list":["post-2","page","type-page","status-publish","has-post-thumbnail","hentry"],"_links":{"self":[{"href":"https:\/\/les-momes.fr\/index.php\/wp-json\/wp\/v2\/pages\/2","targetHints":{"allow":["GET"]}}],"collection":[{"href":"https:\/\/les-momes.fr\/index.php\/wp-json\/wp\/v2\/pages"}],"about":[{"href":"https:\/\/les-momes.fr\/index.php\/wp-json\/wp\/v2\/types\/page"}],"author":[{"embeddable":true,"href":"https:\/\/les-momes.fr\/index.php\/wp-json\/wp\/v2\/users\/1"}],"replies":[{"embeddable":true,"href":"https:\/\/les-momes.fr\/index.php\/wp-json\/wp\/v2\/comments?post=2"}],"version-history":[{"count":5,"href":"https:\/\/les-momes.fr\/index.php\/wp-json\/wp\/v2\/pages\/2\/revisions"}],"predecessor-version":[{"id":130,"href":"https:\/\/les-momes.fr\/index.php\/wp-json\/wp\/v2\/pages\/2\/revisions\/130"}],"wp:featuredmedia":[{"embeddable":true,"href":"https:\/\/les-momes.fr\/index.php\/wp-json\/wp\/v2\/media\/6"}],"wp:attachment":[{"href":"https:\/\/les-momes.fr\/index.php\/wp-json\/wp\/v2\/media?parent=2"}],"curies":[{"name":"wp","href":"https:\/\/api.w.org\/{rel}","templated":true}]}}