{"id":33,"date":"2025-05-25T12:03:34","date_gmt":"2025-05-25T10:03:34","guid":{"rendered":"http:\/\/www.les-momes.fr\/?page_id=33"},"modified":"2026-04-10T18:48:56","modified_gmt":"2026-04-10T16:48:56","slug":"pique-nique-cnv","status":"publish","type":"page","link":"https:\/\/les-momes.fr\/index.php\/pique-nique-cnv\/","title":{"rendered":"Pique-Nique CNV"},"content":{"rendered":"\n<p><\/p>\n\n\n\n<p class=\"has-text-align-center has-text-color has-link-color has-large-font-size wp-elements-1f757fe4cdfd38c9fa740231588b6589\" style=\"color:#f71811\"><strong>Dimanche 10 mai 2026<\/strong><\/p>\n\n\n\n<p class=\"has-text-align-center has-large-font-size\"><strong>\u00e0 partir de 12h<\/strong><\/p>\n\n\n\n<p class=\"has-text-align-center\"><strong>Pique-nique tir\u00e9 du panier<\/strong><\/p>\n\n\n\n<p>L\u2019association M\u00f4m\u2019en Partag\u00e9s vous invite le dimanche 10 mai au <a href=\"https:\/\/maps.app.goo.gl\/t8JX7ntiUu5Fc5mK8\">col de L\u00e9grillou<\/a> \u00e0 partir de 12h, avec un pique-nique tir\u00e9 du panier.<strong>\u00a0<\/strong>En cas de mauvais temps, il y aura un abri sur place.<\/p>\n\n\n\n<p><\/p>\n\n\n\n<figure class=\"wp-block-image size-large\"><img loading=\"lazy\" decoding=\"async\" width=\"645\" height=\"1024\" src=\"https:\/\/www.les-momes.fr\/wp-content\/uploads\/2026\/04\/Affiche-pique-nique-10-mai-1-645x1024.jpg\" alt=\"\" class=\"wp-image-103\" srcset=\"https:\/\/les-momes.fr\/wp-content\/uploads\/2026\/04\/Affiche-pique-nique-10-mai-1-645x1024.jpg 645w, https:\/\/les-momes.fr\/wp-content\/uploads\/2026\/04\/Affiche-pique-nique-10-mai-1-189x300.jpg 189w, https:\/\/les-momes.fr\/wp-content\/uploads\/2026\/04\/Affiche-pique-nique-10-mai-1-768x1219.jpg 768w, https:\/\/les-momes.fr\/wp-content\/uploads\/2026\/04\/Affiche-pique-nique-10-mai-1.jpg 954w\" sizes=\"auto, (max-width: 645px) 100vw, 645px\" \/><\/figure>\n\n\n\n<p>L&rsquo;association M\u00f4m&rsquo;en Partag\u00e9s a besoin de soutien, et cr\u00e9er une nouvelle \u00e9quipe pour prendre la rel\u00e8ve. Pour en discuter, se rencontrer, pourquoi ne pas partager un moment convivial ?<\/p>\n\n\n\n<p><em>Nous nous sommes crois\u00e9s au module 1, puis au module 2 ou 3 ou en groupe de pratique. Nous avons partag\u00e9 de petits bouts de vie, nos difficult\u00e9s, nos besoins. Je vous propose un pique-nique sorti du panier avec conjoint(es) et enfants pour r\u00e9pondre \u00e0 nos besoins de r\u00e9cr\u00e9ation, de relations, de participation et de c\u00e9l\u00e9bration !<\/em><\/p>\n\n\n\n<p>N&rsquo;h\u00e9sitez pas \u00e0 venir avec votre pr\u00e9nom visible sur vous, votre instrument de musique, un ballon, des boules de p\u00e9tanque, votre transat ou de bonnes chaussures pour ceux qui aiment se promener ! Possibilit\u00e9 de balade jusqu&rsquo;au Moulin de Laur\u00e8de assez facile pour les plus jeunes.<\/p>\n\n\n\n<p>Au plaisir de partager ce moment ensemble, <\/p>\n\n\n\n<p>Ang\u00e8le pour la future \u00e9quipe M\u00f4m&rsquo;en Partag\u00e9s<\/p>\n\n\n\n<p><\/p>\n\n\n\n<p><\/p>\n\n\n\n<figure class=\"wp-block-gallery has-nested-images columns-default is-cropped wp-block-gallery-1 is-layout-flex wp-block-gallery-is-layout-flex\">\n<figure class=\"wp-block-image size-large\"><img loading=\"lazy\" decoding=\"async\" width=\"1024\" height=\"122\" data-id=\"8\" src=\"http:\/\/www.les-momes.fr\/wp-content\/uploads\/2025\/05\/financeurs-1024x122.png\" alt=\"\" class=\"wp-image-8\" srcset=\"https:\/\/les-momes.fr\/wp-content\/uploads\/2025\/05\/financeurs-1024x122.png 1024w, https:\/\/les-momes.fr\/wp-content\/uploads\/2025\/05\/financeurs-300x36.png 300w, https:\/\/les-momes.fr\/wp-content\/uploads\/2025\/05\/financeurs-768x92.png 768w, https:\/\/les-momes.fr\/wp-content\/uploads\/2025\/05\/financeurs-1536x183.png 1536w, https:\/\/les-momes.fr\/wp-content\/uploads\/2025\/05\/financeurs.png 1754w\" sizes=\"auto, (max-width: 1024px) 100vw, 1024px\" \/><\/figure>\n<\/figure>\n","protected":false},"excerpt":{"rendered":"<p>Dimanche 10 mai 2026 \u00e0 partir de 12h Pique-nique tir\u00e9 du panier L\u2019association M\u00f4m\u2019en Partag\u00e9s vous invite le dimanche 10 mai au col de L\u00e9grillou \u00e0 partir de 12h, avec un pique-nique tir\u00e9 du panier.\u00a0En cas de mauvais temps, il y aura un abri sur place. L&rsquo;association M\u00f4m&rsquo;en Partag\u00e9s a besoin de soutien, et cr\u00e9er [&hellip;]<\/p>\n","protected":false},"author":1,"featured_media":6,"parent":0,"menu_order":0,"comment_status":"closed","ping_status":"closed","template":"","meta":{"footnotes":""},"class_list":["post-33","page","type-page","status-publish","has-post-thumbnail","hentry"],"_links":{"self":[{"href":"https:\/\/les-momes.fr\/index.php\/wp-json\/wp\/v2\/pages\/33","targetHints":{"allow":["GET"]}}],"collection":[{"href":"https:\/\/les-momes.fr\/index.php\/wp-json\/wp\/v2\/pages"}],"about":[{"href":"https:\/\/les-momes.fr\/index.php\/wp-json\/wp\/v2\/types\/page"}],"author":[{"embeddable":true,"href":"https:\/\/les-momes.fr\/index.php\/wp-json\/wp\/v2\/users\/1"}],"replies":[{"embeddable":true,"href":"https:\/\/les-momes.fr\/index.php\/wp-json\/wp\/v2\/comments?post=33"}],"version-history":[{"count":16,"href":"https:\/\/les-momes.fr\/index.php\/wp-json\/wp\/v2\/pages\/33\/revisions"}],"predecessor-version":[{"id":104,"href":"https:\/\/les-momes.fr\/index.php\/wp-json\/wp\/v2\/pages\/33\/revisions\/104"}],"wp:featuredmedia":[{"embeddable":true,"href":"https:\/\/les-momes.fr\/index.php\/wp-json\/wp\/v2\/media\/6"}],"wp:attachment":[{"href":"https:\/\/les-momes.fr\/index.php\/wp-json\/wp\/v2\/media?parent=33"}],"curies":[{"name":"wp","href":"https:\/\/api.w.org\/{rel}","templated":true}]}}